{"id":29,"date":"2023-08-14T18:28:10","date_gmt":"2023-08-14T16:28:10","guid":{"rendered":"https:\/\/consultoria5e.com\/?page_id=29"},"modified":"2024-10-31T21:33:00","modified_gmt":"2024-10-31T20:33:00","slug":"servicios","status":"publish","type":"page","link":"https:\/\/consultoria5e.com\/index.php\/servicios\/","title":{"rendered":"Servicios"},"content":{"rendered":"\n<div class=\"wp-block-media-text is-stacked-on-mobile\" style=\"grid-template-columns:37% auto\"><figure class=\"wp-block-media-text__media\"><img fetchpriority=\"high\" decoding=\"async\" width=\"1019\" height=\"855\" src=\"https:\/\/consultoria5e.com\/wp-content\/uploads\/2023\/08\/5E_Mesa-de-trabajo-1-1.png\" alt=\"\" class=\"wp-image-134 size-full\" srcset=\"https:\/\/consultoria5e.com\/wp-content\/uploads\/2023\/08\/5E_Mesa-de-trabajo-1-1.png 1019w, https:\/\/consultoria5e.com\/wp-content\/uploads\/2023\/08\/5E_Mesa-de-trabajo-1-1-300x252.png 300w, https:\/\/consultoria5e.com\/wp-content\/uploads\/2023\/08\/5E_Mesa-de-trabajo-1-1-768x644.png 768w\" sizes=\"(max-width: 1019px) 100vw, 1019px\" \/><\/figure><div class=\"wp-block-media-text__content\">\n<h2 class=\"wp-block-heading\">Ambientales<\/h2>\n\n\n\n<ul>\n<li>Cedula de operaci\u00f3n anual (COA).<\/li>\n\n\n\n<li>Estudio de riesgo ambiental para empresas que realizan actividades altamente riesgosas.<\/li>\n\n\n\n<li>Incorporaci\u00f3n al Programa de Reducci\u00f3n de Emisiones Contaminantes a la Atm\u00f3sfera (PRECA).<\/li>\n\n\n\n<li>Licencia Ambiental \u00danica (LAU).<\/li>\n\n\n\n<li>Programa para la prevenci\u00f3n de accidentes (PPA).<\/li>\n\n\n\n<li>Asesor\u00eda para la certificaci\u00f3n ambiental.<\/li>\n\n\n\n<li>Estudios de impacto ambiental.<\/li>\n\n\n\n<li>Informe Preventivo de impacto ambiental.<\/li>\n\n\n\n<li>Manifestaci\u00f3n de Impacto ambiental.<\/li>\n\n\n\n<li>Da\u00f1o Ambiental.<\/li>\n\n\n\n<li>Estudio de Riesgo Ambiental (ERA).<\/li>\n\n\n\n<li>Planes de manejo de residuos s\u00f3lidos y de manejo especial.<\/li>\n\n\n\n<li>Planes de manejo de residuos peligrosos.<\/li>\n\n\n\n<li>Registro como generador de residuos peligrosos.<\/li>\n\n\n\n<li>Estudios de generaci\u00f3n y caracterizaci\u00f3n de residuos.<\/li>\n\n\n\n<li>Planes de regularizaci\u00f3n de sitios de disposici\u00f3n final.<\/li>\n\n\n\n<li>Procedimientos para el seguimiento de Normas Ambientales.<\/li>\n\n\n\n<li>Programa para la Prevenci\u00f3n de Accidentes.<\/li>\n\n\n\n<li>Permiso para la combusti\u00f3n a cielo abierto.<\/li>\n<\/ul>\n\n\n\n<div class=\"wp-block-buttons is-layout-flex wp-block-buttons-is-layout-flex\">\n<div class=\"wp-block-button is-style-fill\"><a class=\"wp-block-button__link wp-element-button\" href=\"https:\/\/wa.link\/xz518o\">Cotizar<\/a><\/div>\n<\/div>\n<\/div><\/div>\n\n\n\n<div style=\"height:100px\" aria-hidden=\"true\" class=\"wp-block-spacer\"><\/div>\n\n\n\n<div class=\"wp-block-media-text has-media-on-the-right is-stacked-on-mobile\" style=\"grid-template-columns:auto 39%\"><div class=\"wp-block-media-text__content\">\n<h2 class=\"wp-block-heading\">Sector Hidrocarburos<\/h2>\n\n\n\n<ul>\n<li>An\u00e1lisis de Riesgo del Sector Hidrocarburos (ARSH).<\/li>\n\n\n\n<li>Cedula de operaci\u00f3n anual (COA) del sector hidrocarburos.<\/li>\n\n\n\n<li>Incorporaci\u00f3n al Programa de Reducci\u00f3n de Emisiones Contaminantes a la Atm\u00f3sfera (PRECA).<\/li>\n\n\n\n<li>Informe Preventivo de Impacto Ambiental para actividades del sector hidrocarburos.<\/li>\n\n\n\n<li>Licencia Ambiental de Funcionamiento del sector Hidrocarburos.<\/li>\n\n\n\n<li>Manifestaci\u00f3n de Impacto Ambiental (MIA) del sector hidrocarburos.<\/li>\n\n\n\n<li>Permiso para la combusti\u00f3n a cielo abierto del sector hidrocarburos.<\/li>\n\n\n\n<li>Plan de manejo de residuos peligrosos del sector hidrocarburos.<\/li>\n\n\n\n<li>Protocolo de Respuesta a Emergencias (PRE).<\/li>\n\n\n\n<li>Registro como generador de residuos peligrosos.<\/li>\n\n\n\n<li>Sistema de Administraci\u00f3n de Seguridad Industrial.<\/li>\n\n\n\n<li>Seguridad Operativa y Protecci\u00f3n Ambiental (SASI-<\/li>\n\n\n\n<li>SOPA)<\/li>\n\n\n\n<li>Asesor\u00edas para la implementaci\u00f3n de SASISOPA<\/li>\n<\/ul>\n\n\n\n<div class=\"wp-block-buttons is-layout-flex wp-block-buttons-is-layout-flex\">\n<div class=\"wp-block-button\"><a class=\"wp-block-button__link wp-element-button\" href=\"https:\/\/wa.link\/xz518o\">Cotizar<\/a><\/div>\n<\/div>\n<\/div><figure class=\"wp-block-media-text__media\"><img decoding=\"async\" width=\"1024\" height=\"856\" src=\"https:\/\/consultoria5e.com\/wp-content\/uploads\/2023\/08\/HIDROCARBURO-1024x856.png\" alt=\"\" class=\"wp-image-100 size-full\" srcset=\"https:\/\/consultoria5e.com\/wp-content\/uploads\/2023\/08\/HIDROCARBURO-1024x856.png 1024w, https:\/\/consultoria5e.com\/wp-content\/uploads\/2023\/08\/HIDROCARBURO-300x251.png 300w, https:\/\/consultoria5e.com\/wp-content\/uploads\/2023\/08\/HIDROCARBURO-768x642.png 768w, https:\/\/consultoria5e.com\/wp-content\/uploads\/2023\/08\/HIDROCARBURO-1536x1284.png 1536w, https:\/\/consultoria5e.com\/wp-content\/uploads\/2023\/08\/HIDROCARBURO-2048x1712.png 2048w\" sizes=\"(max-width: 1024px) 100vw, 1024px\" \/><\/figure><\/div>\n\n\n\n<div style=\"height:100px\" aria-hidden=\"true\" class=\"wp-block-spacer\"><\/div>\n\n\n\n<div class=\"wp-block-media-text is-stacked-on-mobile\" style=\"grid-template-columns:39% auto\"><figure class=\"wp-block-media-text__media\"><img decoding=\"async\" width=\"1019\" height=\"855\" src=\"https:\/\/consultoria5e.com\/wp-content\/uploads\/2023\/08\/5E-02.png\" alt=\"\" class=\"wp-image-135 size-full\" srcset=\"https:\/\/consultoria5e.com\/wp-content\/uploads\/2023\/08\/5E-02.png 1019w, https:\/\/consultoria5e.com\/wp-content\/uploads\/2023\/08\/5E-02-300x252.png 300w, https:\/\/consultoria5e.com\/wp-content\/uploads\/2023\/08\/5E-02-768x644.png 768w\" sizes=\"(max-width: 1019px) 100vw, 1019px\" \/><\/figure><div class=\"wp-block-media-text__content\">\n<h2 class=\"wp-block-heading\">Seguridad y Salud Ocupacional<\/h2>\n\n\n\n<ul>\n<li>Diagn\u00f3sticos integrales, estudios, an\u00e1lisis, programas, procedimientos y planes con base en las Normas Oficiales Mexicanas (NOM) expedidas por de la STPS.<\/li>\n\n\n\n<li>Identificaci\u00f3n y evaluaci\u00f3n de Factores de riesgo ergon\u00f3mico y psico-social.<\/li>\n\n\n\n<li>Cursos de capacitaci\u00f3n impartidos por Agentes capacitadores externos con la autorizaci\u00f3n y registro de la STPS.<\/li>\n\n\n\n<li>Supervisi\u00f3n de Seguridad en la industria.<\/li>\n\n\n\n<li>Auditorias de Seguridad Industrial.<\/li>\n\n\n\n<li>An\u00e1lisis de Riesgo de Procesos.<\/li>\n\n\n\n<li>Programa de Interno de Protecci\u00f3n civil.<\/li>\n\n\n\n<li>Asesor\u00eda para la Implementaci\u00f3n de Programa de Seguridad y Salud Ocupacional.<\/li>\n\n\n\n<li>Atenci\u00f3n a inspecciones de la STPS.<\/li>\n<\/ul>\n\n\n\n<div class=\"wp-block-buttons is-layout-flex wp-block-buttons-is-layout-flex\">\n<div class=\"wp-block-button\"><a class=\"wp-block-button__link wp-element-button\" href=\"https:\/\/wa.link\/xz518o\">Cotizar<\/a><\/div>\n<\/div>\n<\/div><\/div>\n\n\n\n<div style=\"height:100px\" aria-hidden=\"true\" class=\"wp-block-spacer\"><\/div>\n\n\n\n<div class=\"wp-block-media-text has-media-on-the-right is-stacked-on-mobile\" style=\"grid-template-columns:auto 39%\"><div class=\"wp-block-media-text__content\">\n<h2 class=\"wp-block-heading\">Protecci\u00f3n Civil<\/h2>\n\n\n\n<ul>\n<li>Programa de Interno de Protecci\u00f3n Civil.<\/li>\n\n\n\n<li>An\u00e1lisis de Riesgo y vulnerabilidad.<\/li>\n\n\n\n<li>Planes de atenci\u00f3n a emergencias.<\/li>\n\n\n\n<li>Capacitaci\u00f3n de Brigadas de protecci\u00f3n Civil.<\/li>\n\n\n\n<li>Planificaci\u00f3n, ejecuci\u00f3n y evaluaci\u00f3n de Simulacros<\/li>\n\n\n\n<li>An\u00e1lisis de Riesgo de Procesos.<\/li>\n\n\n\n<li>Programa de Interno de Protecci\u00f3n Civil.<\/li>\n<\/ul>\n\n\n\n<div class=\"wp-block-buttons is-layout-flex wp-block-buttons-is-layout-flex\">\n<div class=\"wp-block-button\"><a class=\"wp-block-button__link wp-element-button\" href=\"https:\/\/wa.link\/xz518o\">Cotizar<\/a><\/div>\n<\/div>\n<\/div><figure class=\"wp-block-media-text__media\"><img loading=\"lazy\" decoding=\"async\" width=\"1024\" height=\"860\" src=\"https:\/\/consultoria5e.com\/wp-content\/uploads\/2023\/08\/SEGURIDAD-Y-SALUD-1024x860.png\" alt=\"\" class=\"wp-image-101 size-full\" srcset=\"https:\/\/consultoria5e.com\/wp-content\/uploads\/2023\/08\/SEGURIDAD-Y-SALUD-1024x860.png 1024w, https:\/\/consultoria5e.com\/wp-content\/uploads\/2023\/08\/SEGURIDAD-Y-SALUD-300x252.png 300w, https:\/\/consultoria5e.com\/wp-content\/uploads\/2023\/08\/SEGURIDAD-Y-SALUD-768x645.png 768w, https:\/\/consultoria5e.com\/wp-content\/uploads\/2023\/08\/SEGURIDAD-Y-SALUD-1536x1290.png 1536w, https:\/\/consultoria5e.com\/wp-content\/uploads\/2023\/08\/SEGURIDAD-Y-SALUD-2048x1720.png 2048w\" sizes=\"(max-width: 1024px) 100vw, 1024px\" \/><\/figure><\/div>\n\n\n\n<div style=\"height:100px\" aria-hidden=\"true\" class=\"wp-block-spacer\"><\/div>\n","protected":false},"excerpt":{"rendered":"","protected":false},"author":1,"featured_media":0,"parent":0,"menu_order":0,"comment_status":"closed","ping_status":"closed","template":"","meta":{"footnotes":"","_joinchat":[]},"_links":{"self":[{"href":"https:\/\/consultoria5e.com\/index.php\/wp-json\/wp\/v2\/pages\/29"}],"collection":[{"href":"https:\/\/consultoria5e.com\/index.php\/wp-json\/wp\/v2\/pages"}],"about":[{"href":"https:\/\/consultoria5e.com\/index.php\/wp-json\/wp\/v2\/types\/page"}],"author":[{"embeddable":true,"href":"https:\/\/consultoria5e.com\/index.php\/wp-json\/wp\/v2\/users\/1"}],"replies":[{"embeddable":true,"href":"https:\/\/consultoria5e.com\/index.php\/wp-json\/wp\/v2\/comments?post=29"}],"version-history":[{"count":9,"href":"https:\/\/consultoria5e.com\/index.php\/wp-json\/wp\/v2\/pages\/29\/revisions"}],"predecessor-version":[{"id":197,"href":"https:\/\/consultoria5e.com\/index.php\/wp-json\/wp\/v2\/pages\/29\/revisions\/197"}],"wp:attachment":[{"href":"https:\/\/consultoria5e.com\/index.php\/wp-json\/wp\/v2\/media?parent=29"}],"curies":[{"name":"wp","href":"https:\/\/api.w.org\/{rel}","templated":true}]}}